{"id":6186,"date":"2024-04-16T13:24:15","date_gmt":"2024-04-16T11:24:15","guid":{"rendered":"https:\/\/www.zametace.cz\/?page_id=6186"},"modified":"2025-11-20T11:36:44","modified_gmt":"2025-11-20T09:36:44","slug":"one-page-express","status":"publish","type":"page","link":"https:\/\/www.zametace.cz\/","title":{"rendered":"O n\u00e1s"},"content":{"rendered":"<div  class=\"wp-block-image is-style-rounded\">\n<figure  class=\"aligncenter size-full\"><a  class=\"\" href=\"https:\/\/www.zametace.cz\/wp-content\/uploads\/2024\/07\/h.png\"><img loading=\"lazy\"  class=\"wp-image-6264 aligncenter\" src=\"https:\/\/www.zametace.cz\/wp-content\/uploads\/2024\/07\/h.png\" alt=\"\" width=\"434\" height=\"505\"><\/a><\/figure>\n<\/div><div  id=\"eav\" class=\"about-big-images-section\" style=\"background-color: #ffffff;\" data-label=\"EAV\" data-id=\"about-big-images-section\" data-category=\"about\">\n<div  class=\"gridContainer\">\n<div  class=\"about-big-images-textrow\">\n<div  class=\"about-big-images-textcol dynamic-color\" data-type=\"column\">\n\n<h3  class=\"\">Jedine\u010dn\u00e1 kombinace&nbsp;<span  class=\"span25\">kvantov\u00e9 regresn\u00ed diagnostiky a EAV vym\u011b\u0159en\u00ed. <\/span>Zjist\u00edte, co je p\u0159\u00ed\u010dinou Va\u0161ich pot\u00ed\u017e\u00ed a jakou m\u00e1te celostn\u00ed imunitu organismu<\/h3>\n<p  class=\"\"><strong >Parametry Va\u0161eho zdrav\u00ed, jak je nezn\u00e1te. V \u010dem je kl\u00ed\u010d? Jak\u00fd byl v\u00fdvoj sou\u010dasn\u00fdch pot\u00ed\u017e\u00ed? Kvantov\u00e1 regresn\u00ed diagnostika a detoxika\u010dn\u00ed EAV V\u00e1m pomohou naj\u00edt p\u016fvodn\u00ed ko\u0159eny onemocn\u011bn\u00ed a uk\u00e1zat Va\u0161i dal\u0161\u00ed cestu. M\u00e1me v\u00edce ne\u017e dvacetilet\u00e9 praktick\u00e9 zku\u0161enosti a unik\u00e1tn\u00ed metodu.<\/strong><\/p>\n\n\n<\/div>\n<\/div>\n<\/div>\n<div  class=\"about-big-images-bottomrow\">\n<div  class=\"about-big-images-leftimgcol\"><\/div>\n<div  class=\"about-big-images-centerimgcol\"><\/div>\n<div  class=\"about-big-images-rightimgcol\"><\/div>\n<\/div>\n<\/div><div  data-label=\"AKCE\" data-id=\"cta-blue-section\" data-category=\"cta\" class=\"cta-blue-section\" id=\"akce\"> <div  class=\"gridContainer\"> <div  class=\"flexbox-list flexbox-list-align-center row\"> <div  class=\"cta-blue-textcol dynamic-color\"> <h2  class=\"cta-blue-text\"><b >===&gt;<\/b><\/h2> <\/div> <div  class=\"cta-blue-btncol\"> <a class=\"button big yellow dark-text\" href=\"https:\/\/www.zametace.cz?p=7389\" target=\"_self\" rel=\"noopener\"> M\u016eJ  P\u0158EHLED <\/a> <\/div> <\/div> <\/div> <\/div><div  data-label=\"PRAMENY\" data-id=\"content-full-right-image-section\" data-category=\"content\" class=\"content-full-right-image-section\" id=\"prameny\" style=\"background-color: rgb(255, 255, 255);\"> <div  class=\"content-full-right-image-innerrow\"> <div  class=\"content-full-right-image-textcol dynamic-color\"> <div  data-type=\"column\" class=\"\"> <h5  class=\"\">SKRYT\u00c9 PRAMENY<\/h5> <h2  class=\"\">Tajemstv\u00ed dlouhov\u011bkosti<\/h2>  <\/div> <div  class=\"content-full-right-image-featuresrow\"> <div  class=\"content-full-right-image-featurescol\" data-type=\"column\"> <h5  class=\"\">HOMOCYSTEIN (hcy)<\/h5> <p  class=\"\">Aktivn\u00ed homocystein je pro t\u011blo nepostradateln\u00e1 aminokyselina, st\u00e1v\u00e1-li se pasivn\u00edm, je pro t\u011blo siln\u011b toxick\u00fd a zvy\u0161uje aciditu t\u011bla.<\/p> <h5  class=\"\">ACIDITA (pH)<\/h5> <p  class=\"\">Na rozd\u00edl od l\u00e9ka\u0159sk\u00e9 praxe v Qt-diagnostice sledujeme t\u0159i z\u00e1kladn\u00ed oblasti pH. Pln\u011b pod svoji kontrolou m\u00e1me pouze tu prvn\u00ed, zb\u00fdvaj\u00edc\u00ed dv\u011b jsou d\u00e1ny vnit\u0159n\u00ed strukturou a homeost\u00e1zou organismu.<\/p> <\/div> <div  class=\"content-full-right-image-featurescol\" data-type=\"column\"> <h5  class=\"\">HO\u0158\u010c\u00cdK (MgCa)<\/h5> <p  class=\"\">Ho\u0159\u010d\u00edk je \u201ckamenem mudrc\u016f\u201d rovnov\u00e1\u017en\u00e9ho fungov\u00e1n\u00ed t\u011bla i mysli a\u017e bun\u011b\u010dn\u00e9 \u00farovni. Op\u011bt jsou rozhoduj\u00edc\u00ed t\u0159i vz\u00e1jemn\u011b prov\u00e1zan\u00e9 oblasti. Pro l\u00e9ka\u0159skou praxi \u2013 jak sama p\u0159izn\u00e1v\u00e1 \u2013 je prakticky nemo\u017en\u00e9 zm\u011b\u0159it dostate\u010dnost ho\u0159\u010d\u00edku v organismu, nebo\u0165 v krvi je obsa\u017een jen %-tn\u00ed zlomek. Rozhoduj\u00edc\u00ed je pom\u011br MgCa kter\u00fd by m\u011bl b\u00fdt podle v\u00fdzkum\u016f 1 : 1.<\/p> <h5  class=\"\">MITOCHONDRIE (mtch)<\/h5> <p  class=\"\">V\u0161echny t\u0159i p\u0159edchoz\u00ed faktory se postupn\u011b a\u017e fat\u00e1ln\u011b projevuj\u00ed v zane\u0161en\u00ed a nedostate\u010dnosti mtch.<\/p> <a class=\"button blue\" href=\"https:\/\/www.regenea.eu\" target=\"_self\" rel=\"noopener\">v\u00edce na WWW.REGENEA.EU<\/a><p  class=\"\"><\/p><\/div> <\/div> <\/div> <div  data-bg=\"image\" class=\"content-full-right-image-imgcol\" style=\"background-image: url(&quot;https:\/\/www.zametace.cz\/wp-content\/uploads\/2025\/11\/obrazek.png&quot;);\"><\/div> <\/div><\/div>","protected":false},"excerpt":{"rendered":"<p>Jedine\u010dn\u00e1 kombinace&nbsp;kvantov\u00e9 regresn\u00ed diagnostiky a EAV vym\u011b\u0159en\u00ed. Zjist\u00edte, co je p\u0159\u00ed\u010dinou Va\u0161ich pot\u00ed\u017e\u00ed a jakou m\u00e1te celostn\u00ed imunitu organismu Parametry Va\u0161eho zdrav\u00ed, jak je nezn\u00e1te. V \u010dem je kl\u00ed\u010d? Jak\u00fd byl v\u00fdvoj sou\u010dasn\u00fdch pot\u00ed\u017e\u00ed? Kvantov\u00e1 regresn\u00ed diagnostika a detoxika\u010dn\u00ed EAV V\u00e1m pomohou naj\u00edt p\u016fvodn\u00ed ko\u0159eny onemocn\u011bn\u00ed a uk\u00e1zat Va\u0161i dal\u0161\u00ed cestu. M\u00e1me v\u00edce ne\u017e dvacetilet\u00e9&hellip; <br \/> <a class=\"button small blue\" href=\"https:\/\/www.zametace.cz\/?p=7389\">Read more<\/a><\/p>\n","protected":false},"author":1,"featured_media":0,"parent":0,"menu_order":0,"comment_status":"closed","ping_status":"closed","template":"","meta":[],"_links":{"self":[{"href":"https:\/\/www.zametace.cz\/index.php?rest_route=\/wp\/v2\/pages\/6186"}],"collection":[{"href":"https:\/\/www.zametace.cz\/index.php?rest_route=\/wp\/v2\/pages"}],"about":[{"href":"https:\/\/www.zametace.cz\/index.php?rest_route=\/wp\/v2\/types\/page"}],"author":[{"embeddable":true,"href":"https:\/\/www.zametace.cz\/index.php?rest_route=\/wp\/v2\/users\/1"}],"replies":[{"embeddable":true,"href":"https:\/\/www.zametace.cz\/index.php?rest_route=%2Fwp%2Fv2%2Fcomments&post=6186"}],"version-history":[{"count":408,"href":"https:\/\/www.zametace.cz\/index.php?rest_route=\/wp\/v2\/pages\/6186\/revisions"}],"predecessor-version":[{"id":7653,"href":"https:\/\/www.zametace.cz\/index.php?rest_route=\/wp\/v2\/pages\/6186\/revisions\/7653"}],"wp:attachment":[{"href":"https:\/\/www.zametace.cz\/index.php?rest_route=%2Fwp%2Fv2%2Fmedia&parent=6186"}],"curies":[{"name":"wp","href":"https:\/\/api.w.org\/{rel}","templated":true}]}}